{"id":478,"date":"2025-05-06T12:34:00","date_gmt":"2025-05-06T12:34:00","guid":{"rendered":"https:\/\/tino.batlledigital.com\/?page_id=478"},"modified":"2025-09-30T10:17:35","modified_gmt":"2025-09-30T10:17:35","slug":"cursos-y-talleres","status":"publish","type":"page","link":"https:\/\/tinoprat.com\/ca\/cursos-y-talleres\/","title":{"rendered":"Cursos y talleres"},"content":{"rendered":"\t\t<div data-elementor-type=\"wp-page\" data-elementor-id=\"478\" class=\"elementor elementor-478\" data-elementor-post-type=\"page\">\n\t\t\t\t<div class=\"elementor-element elementor-element-e64069a e-flex e-con-boxed e-con e-parent\" data-id=\"e64069a\" data-element_type=\"container\" data-e-type=\"container\" data-settings=\"{&quot;background_background&quot;:&quot;classic&quot;}\">\n\t\t\t\t\t<div class=\"e-con-inner\">\n\t\t\t\t\t<\/div>\n\t\t\t\t<\/div>\n\t\t<div class=\"elementor-element elementor-element-284bc35 e-flex e-con-boxed e-con e-parent\" data-id=\"284bc35\" data-element_type=\"container\" data-e-type=\"container\" data-settings=\"{&quot;background_background&quot;:&quot;classic&quot;}\">\n\t\t\t\t\t<div class=\"e-con-inner\">\n\t\t\t\t<div class=\"elementor-element elementor-element-157982c elementor-widget elementor-widget-heading\" data-id=\"157982c\" data-element_type=\"widget\" data-e-type=\"widget\" data-widget_type=\"heading.default\">\n\t\t\t\t<div class=\"elementor-widget-container\">\n\t\t\t\t\t<h2 class=\"elementor-heading-title elementor-size-default\">Te Acompa\u00f1amos a descubrir otra manera de vivir<\/h2>\t\t\t\t<\/div>\n\t\t\t\t<\/div>\n\t\t\t\t<div class=\"elementor-element elementor-element-42f47d5 elementor-widget elementor-widget-text-editor\" data-id=\"42f47d5\" data-element_type=\"widget\" data-e-type=\"widget\" data-widget_type=\"text-editor.default\">\n\t\t\t\t<div class=\"elementor-widget-container\">\n\t\t\t\t\t\t\t\t\t<p>T\u00fa\u00a0eres el \u00fanico autor de tu vida, porque todos los recursos est\u00e1n en ti.<br \/>Acompa\u00f1arte a descubrir tu poder, es nuestra contribuci\u00f3n a la transformaci\u00f3n social y personal.<\/p>\t\t\t\t\t\t\t\t<\/div>\n\t\t\t\t<\/div>\n\t\t\t\t<div class=\"elementor-element elementor-element-7ad034f elementor-widget elementor-widget-heading\" data-id=\"7ad034f\" data-element_type=\"widget\" data-e-type=\"widget\" data-widget_type=\"heading.default\">\n\t\t\t\t<div class=\"elementor-widget-container\">\n\t\t\t\t\t<h2 class=\"elementor-heading-title elementor-size-default\">Nuestros Cursos<\/h2>\t\t\t\t<\/div>\n\t\t\t\t<\/div>\n\t\t\t\t<div class=\"elementor-element elementor-element-f1bdebc elementor-widget elementor-widget-jet-listing-grid\" data-id=\"f1bdebc\" data-element_type=\"widget\" data-e-type=\"widget\" data-settings=\"{&quot;columns&quot;:3,&quot;columns_tablet&quot;:&quot;2&quot;,&quot;columns_mobile&quot;:&quot;1&quot;}\" data-widget_type=\"jet-listing-grid.default\">\n\t\t\t\t<div class=\"elementor-widget-container\">\n\t\t\t\t\t<div class=\"jet-listing-grid jet-listing\"><div class=\"jet-listing-grid__items grid-col-desk-3 grid-col-tablet-2 grid-col-mobile-1 jet-listing-grid--459 jet-listing-grid__masonry\" data-masonry-grid-options=\"{&quot;columns&quot;:{&quot;desktop&quot;:3,&quot;tablet&quot;:2,&quot;mobile&quot;:1}}\" data-queried-id=\"478|WP_Post\" data-nav=\"{&quot;enabled&quot;:false,&quot;type&quot;:null,&quot;more_el&quot;:null,&quot;query&quot;:[],&quot;widget_settings&quot;:{&quot;lisitng_id&quot;:459,&quot;posts_num&quot;:10,&quot;columns&quot;:3,&quot;columns_tablet&quot;:2,&quot;columns_mobile&quot;:1,&quot;column_min_width&quot;:240,&quot;column_min_width_tablet&quot;:240,&quot;column_min_width_mobile&quot;:240,&quot;inline_columns_css&quot;:false,&quot;is_archive_template&quot;:&quot;&quot;,&quot;post_status&quot;:[&quot;publish&quot;],&quot;use_random_posts_num&quot;:&quot;&quot;,&quot;max_posts_num&quot;:9,&quot;not_found_message&quot;:&quot;No data was found&quot;,&quot;is_masonry&quot;:true,&quot;equal_columns_height&quot;:&quot;&quot;,&quot;use_load_more&quot;:&quot;&quot;,&quot;load_more_id&quot;:&quot;&quot;,&quot;load_more_type&quot;:&quot;click&quot;,&quot;load_more_offset&quot;:{&quot;unit&quot;:&quot;px&quot;,&quot;size&quot;:0,&quot;sizes&quot;:[]},&quot;use_custom_post_types&quot;:&quot;&quot;,&quot;custom_post_types&quot;:[],&quot;hide_widget_if&quot;:&quot;&quot;,&quot;carousel_enabled&quot;:&quot;&quot;,&quot;slides_to_scroll&quot;:&quot;1&quot;,&quot;arrows&quot;:&quot;true&quot;,&quot;arrow_icon&quot;:&quot;fa fa-angle-left&quot;,&quot;dots&quot;:&quot;&quot;,&quot;autoplay&quot;:&quot;true&quot;,&quot;pause_on_hover&quot;:&quot;true&quot;,&quot;autoplay_speed&quot;:5000,&quot;infinite&quot;:&quot;true&quot;,&quot;center_mode&quot;:&quot;&quot;,&quot;effect&quot;:&quot;slide&quot;,&quot;speed&quot;:500,&quot;inject_alternative_items&quot;:&quot;&quot;,&quot;injection_items&quot;:[],&quot;scroll_slider_enabled&quot;:&quot;&quot;,&quot;scroll_slider_on&quot;:[&quot;desktop&quot;,&quot;tablet&quot;,&quot;mobile&quot;],&quot;custom_query&quot;:false,&quot;custom_query_id&quot;:&quot;&quot;,&quot;_element_id&quot;:&quot;&quot;,&quot;collapse_first_last_gap&quot;:false,&quot;list_tag_selection&quot;:&quot;&quot;,&quot;list_items_wrapper_tag&quot;:&quot;div&quot;,&quot;list_item_tag&quot;:&quot;div&quot;,&quot;empty_items_wrapper_tag&quot;:&quot;div&quot;}}\" data-page=\"1\" data-pages=\"1\" data-listing-source=\"posts\" data-listing-id=\"459\" data-query-id=\"\"><div class=\"jet-listing-grid__item jet-listing-dynamic-post-455\" data-post-id=\"455\"  >\t\t<div data-elementor-type=\"jet-listing-items\" data-elementor-id=\"459\" class=\"elementor elementor-459\" data-elementor-post-type=\"jet-engine\">\n\t\t\t\t<div class=\"elementor-element elementor-element-ece0425 e-flex e-con-boxed e-con e-parent\" data-id=\"ece0425\" data-element_type=\"container\" data-e-type=\"container\">\n\t\t\t\t\t<div class=\"e-con-inner\">\n\t\t\t\t<div class=\"elementor-element elementor-element-a0ae0bd elementor-widget elementor-widget-image\" data-id=\"a0ae0bd\" data-element_type=\"widget\" data-e-type=\"widget\" data-widget_type=\"image.default\">\n\t\t\t\t<div class=\"elementor-widget-container\">\n\t\t\t\t\t\t\t\t\t\t\t\t\t\t\t\t<a href=\"https:\/\/tinoprat.com\/ca\/cursos\/el-sentido-de-la-vida\/\" title=\"ir al curso\">\n\t\t\t\t\t\t\t<img fetchpriority=\"high\" decoding=\"async\" width=\"400\" height=\"400\" src=\"https:\/\/tinoprat.com\/wp-content\/uploads\/2025\/05\/iconos-tino-sentido.png\" class=\"attachment-large size-large wp-image-488\" alt=\"\" srcset=\"https:\/\/tinoprat.com\/wp-content\/uploads\/2025\/05\/iconos-tino-sentido.png 400w, https:\/\/tinoprat.com\/wp-content\/uploads\/2025\/05\/iconos-tino-sentido-300x300.png 300w, https:\/\/tinoprat.com\/wp-content\/uploads\/2025\/05\/iconos-tino-sentido-150x150.png 150w\" sizes=\"(max-width: 400px) 100vw, 400px\" \/>\t\t\t\t\t\t\t\t<\/a>\n\t\t\t\t\t\t\t\t\t\t\t\t\t\t\t<\/div>\n\t\t\t\t<\/div>\n\t\t\t\t<div class=\"elementor-element elementor-element-8a7ea21 elementor-widget elementor-widget-heading\" data-id=\"8a7ea21\" data-element_type=\"widget\" data-e-type=\"widget\" data-widget_type=\"heading.default\">\n\t\t\t\t<div class=\"elementor-widget-container\">\n\t\t\t\t\t<h2 class=\"elementor-heading-title elementor-size-default\">Sentido de la Vida<\/h2>\t\t\t\t<\/div>\n\t\t\t\t<\/div>\n\t\t\t\t<div class=\"elementor-element elementor-element-13e8ec7 elementor-widget elementor-widget-text-editor\" data-id=\"13e8ec7\" data-element_type=\"widget\" data-e-type=\"widget\" data-widget_type=\"text-editor.default\">\n\t\t\t\t<div class=\"elementor-widget-container\">\n\t\t\t\t\t\t\t\t\t<p>El objetivo es conocer los valores propios, dones y facultades naturales que nos hacen ser&#8230;\t\t\t\t\t\t\t\t<\/div>\n\t\t\t\t<\/div>\n\t\t\t\t<div class=\"elementor-element elementor-element-90083c7 elementor-align-center elementor-widget elementor-widget-button\" data-id=\"90083c7\" data-element_type=\"widget\" data-e-type=\"widget\" data-widget_type=\"button.default\">\n\t\t\t\t<div class=\"elementor-widget-container\">\n\t\t\t\t\t\t\t\t\t<div class=\"elementor-button-wrapper\">\n\t\t\t\t\t<a class=\"elementor-button elementor-button-link elementor-size-sm\" href=\"https:\/\/tinoprat.com\/ca\/cursos\/el-sentido-de-la-vida\/\" title=\"ir al curso\">\n\t\t\t\t\t\t<span class=\"elementor-button-content-wrapper\">\n\t\t\t\t\t\t\t\t\t<span class=\"elementor-button-text\">M\u00c1S INFO<\/span>\n\t\t\t\t\t<\/span>\n\t\t\t\t\t<\/a>\n\t\t\t\t<\/div>\n\t\t\t\t\t\t\t\t<\/div>\n\t\t\t\t<\/div>\n\t\t\t\t\t<\/div>\n\t\t\t\t<\/div>\n\t\t\t\t<\/div>\n\t\t<\/div><div class=\"jet-listing-grid__item jet-listing-dynamic-post-450\" data-post-id=\"450\"  >\t\t<div data-elementor-type=\"jet-listing-items\" data-elementor-id=\"459\" class=\"elementor elementor-459\" data-elementor-post-type=\"jet-engine\">\n\t\t\t\t<div class=\"elementor-element elementor-element-ece0425 e-flex e-con-boxed e-con e-parent\" data-id=\"ece0425\" data-element_type=\"container\" data-e-type=\"container\">\n\t\t\t\t\t<div class=\"e-con-inner\">\n\t\t\t\t<div class=\"elementor-element elementor-element-a0ae0bd elementor-widget elementor-widget-image\" data-id=\"a0ae0bd\" data-element_type=\"widget\" data-e-type=\"widget\" data-widget_type=\"image.default\">\n\t\t\t\t<div class=\"elementor-widget-container\">\n\t\t\t\t\t\t\t\t\t\t\t\t\t\t\t\t<a href=\"https:\/\/tinoprat.com\/ca\/cursos\/wang-zero\/\" title=\"ir al curso\">\n\t\t\t\t\t\t\t<img decoding=\"async\" width=\"400\" height=\"400\" src=\"https:\/\/tinoprat.com\/wp-content\/uploads\/2025\/05\/iconos-tino-zero.png\" class=\"attachment-large size-large wp-image-486\" alt=\"\" srcset=\"https:\/\/tinoprat.com\/wp-content\/uploads\/2025\/05\/iconos-tino-zero.png 400w, https:\/\/tinoprat.com\/wp-content\/uploads\/2025\/05\/iconos-tino-zero-300x300.png 300w, https:\/\/tinoprat.com\/wp-content\/uploads\/2025\/05\/iconos-tino-zero-150x150.png 150w\" sizes=\"(max-width: 400px) 100vw, 400px\" \/>\t\t\t\t\t\t\t\t<\/a>\n\t\t\t\t\t\t\t\t\t\t\t\t\t\t\t<\/div>\n\t\t\t\t<\/div>\n\t\t\t\t<div class=\"elementor-element elementor-element-8a7ea21 elementor-widget elementor-widget-heading\" data-id=\"8a7ea21\" data-element_type=\"widget\" data-e-type=\"widget\" data-widget_type=\"heading.default\">\n\t\t\t\t<div class=\"elementor-widget-container\">\n\t\t\t\t\t<h2 class=\"elementor-heading-title elementor-size-default\">Wang Zero<\/h2>\t\t\t\t<\/div>\n\t\t\t\t<\/div>\n\t\t\t\t<div class=\"elementor-element elementor-element-13e8ec7 elementor-widget elementor-widget-text-editor\" data-id=\"13e8ec7\" data-element_type=\"widget\" data-e-type=\"widget\" data-widget_type=\"text-editor.default\">\n\t\t\t\t<div class=\"elementor-widget-container\">\n\t\t\t\t\t\t\t\t\t<p>Ven a vivir una experiencia apasionante, cambia tu frecuencia y sintoniza con la vida que&#8230;\t\t\t\t\t\t\t\t<\/div>\n\t\t\t\t<\/div>\n\t\t\t\t<div class=\"elementor-element elementor-element-90083c7 elementor-align-center elementor-widget elementor-widget-button\" data-id=\"90083c7\" data-element_type=\"widget\" data-e-type=\"widget\" data-widget_type=\"button.default\">\n\t\t\t\t<div class=\"elementor-widget-container\">\n\t\t\t\t\t\t\t\t\t<div class=\"elementor-button-wrapper\">\n\t\t\t\t\t<a class=\"elementor-button elementor-button-link elementor-size-sm\" href=\"https:\/\/tinoprat.com\/ca\/cursos\/wang-zero\/\" title=\"ir al curso\">\n\t\t\t\t\t\t<span class=\"elementor-button-content-wrapper\">\n\t\t\t\t\t\t\t\t\t<span class=\"elementor-button-text\">M\u00c1S INFO<\/span>\n\t\t\t\t\t<\/span>\n\t\t\t\t\t<\/a>\n\t\t\t\t<\/div>\n\t\t\t\t\t\t\t\t<\/div>\n\t\t\t\t<\/div>\n\t\t\t\t\t<\/div>\n\t\t\t\t<\/div>\n\t\t\t\t<\/div>\n\t\t<\/div><div class=\"jet-listing-grid__item jet-listing-dynamic-post-449\" data-post-id=\"449\"  >\t\t<div data-elementor-type=\"jet-listing-items\" data-elementor-id=\"459\" class=\"elementor elementor-459\" data-elementor-post-type=\"jet-engine\">\n\t\t\t\t<div class=\"elementor-element elementor-element-ece0425 e-flex e-con-boxed e-con e-parent\" data-id=\"ece0425\" data-element_type=\"container\" data-e-type=\"container\">\n\t\t\t\t\t<div class=\"e-con-inner\">\n\t\t\t\t<div class=\"elementor-element elementor-element-a0ae0bd elementor-widget elementor-widget-image\" data-id=\"a0ae0bd\" data-element_type=\"widget\" data-e-type=\"widget\" data-widget_type=\"image.default\">\n\t\t\t\t<div class=\"elementor-widget-container\">\n\t\t\t\t\t\t\t\t\t\t\t\t\t\t\t\t<a href=\"https:\/\/tinoprat.com\/ca\/cursos\/guion-de-vida-4d\/\" title=\"ir al curso\">\n\t\t\t\t\t\t\t<img decoding=\"async\" width=\"400\" height=\"400\" src=\"https:\/\/tinoprat.com\/wp-content\/uploads\/2025\/05\/iconos-tino-mascaras.png\" class=\"attachment-large size-large wp-image-485\" alt=\"\" srcset=\"https:\/\/tinoprat.com\/wp-content\/uploads\/2025\/05\/iconos-tino-mascaras.png 400w, https:\/\/tinoprat.com\/wp-content\/uploads\/2025\/05\/iconos-tino-mascaras-300x300.png 300w, https:\/\/tinoprat.com\/wp-content\/uploads\/2025\/05\/iconos-tino-mascaras-150x150.png 150w\" sizes=\"(max-width: 400px) 100vw, 400px\" \/>\t\t\t\t\t\t\t\t<\/a>\n\t\t\t\t\t\t\t\t\t\t\t\t\t\t\t<\/div>\n\t\t\t\t<\/div>\n\t\t\t\t<div class=\"elementor-element elementor-element-8a7ea21 elementor-widget elementor-widget-heading\" data-id=\"8a7ea21\" data-element_type=\"widget\" data-e-type=\"widget\" data-widget_type=\"heading.default\">\n\t\t\t\t<div class=\"elementor-widget-container\">\n\t\t\t\t\t<h2 class=\"elementor-heading-title elementor-size-default\">Gui\u00f3n de Vida<\/h2>\t\t\t\t<\/div>\n\t\t\t\t<\/div>\n\t\t\t\t<div class=\"elementor-element elementor-element-13e8ec7 elementor-widget elementor-widget-text-editor\" data-id=\"13e8ec7\" data-element_type=\"widget\" data-e-type=\"widget\" data-widget_type=\"text-editor.default\">\n\t\t\t\t<div class=\"elementor-widget-container\">\n\t\t\t\t\t\t\t\t\t<p>\u00danicamente se trabaja el Gui\u00f3n de Vida; se analiza qu\u00e9 partes se quieren cambiar y&#8230;\t\t\t\t\t\t\t\t<\/div>\n\t\t\t\t<\/div>\n\t\t\t\t<div class=\"elementor-element elementor-element-90083c7 elementor-align-center elementor-widget elementor-widget-button\" data-id=\"90083c7\" data-element_type=\"widget\" data-e-type=\"widget\" data-widget_type=\"button.default\">\n\t\t\t\t<div class=\"elementor-widget-container\">\n\t\t\t\t\t\t\t\t\t<div class=\"elementor-button-wrapper\">\n\t\t\t\t\t<a class=\"elementor-button elementor-button-link elementor-size-sm\" href=\"https:\/\/tinoprat.com\/ca\/cursos\/guion-de-vida-4d\/\" title=\"ir al curso\">\n\t\t\t\t\t\t<span class=\"elementor-button-content-wrapper\">\n\t\t\t\t\t\t\t\t\t<span class=\"elementor-button-text\">M\u00c1S INFO<\/span>\n\t\t\t\t\t<\/span>\n\t\t\t\t\t<\/a>\n\t\t\t\t<\/div>\n\t\t\t\t\t\t\t\t<\/div>\n\t\t\t\t<\/div>\n\t\t\t\t\t<\/div>\n\t\t\t\t<\/div>\n\t\t\t\t<\/div>\n\t\t<\/div><div class=\"jet-listing-grid__item jet-listing-dynamic-post-436\" data-post-id=\"436\"  >\t\t<div data-elementor-type=\"jet-listing-items\" data-elementor-id=\"459\" class=\"elementor elementor-459\" data-elementor-post-type=\"jet-engine\">\n\t\t\t\t<div class=\"elementor-element elementor-element-ece0425 e-flex e-con-boxed e-con e-parent\" data-id=\"ece0425\" data-element_type=\"container\" data-e-type=\"container\">\n\t\t\t\t\t<div class=\"e-con-inner\">\n\t\t\t\t<div class=\"elementor-element elementor-element-a0ae0bd elementor-widget elementor-widget-image\" data-id=\"a0ae0bd\" data-element_type=\"widget\" data-e-type=\"widget\" data-widget_type=\"image.default\">\n\t\t\t\t<div class=\"elementor-widget-container\">\n\t\t\t\t\t\t\t\t\t\t\t\t\t\t\t\t<a href=\"https:\/\/tinoprat.com\/ca\/cursos\/taller-de-mantenimiento\/\" title=\"ir al curso\">\n\t\t\t\t\t\t\t<img loading=\"lazy\" decoding=\"async\" width=\"400\" height=\"400\" src=\"https:\/\/tinoprat.com\/wp-content\/uploads\/2025\/05\/iconos-tino-mantenimiento.png\" class=\"attachment-large size-large wp-image-484\" alt=\"\" srcset=\"https:\/\/tinoprat.com\/wp-content\/uploads\/2025\/05\/iconos-tino-mantenimiento.png 400w, https:\/\/tinoprat.com\/wp-content\/uploads\/2025\/05\/iconos-tino-mantenimiento-300x300.png 300w, https:\/\/tinoprat.com\/wp-content\/uploads\/2025\/05\/iconos-tino-mantenimiento-150x150.png 150w\" sizes=\"(max-width: 400px) 100vw, 400px\" \/>\t\t\t\t\t\t\t\t<\/a>\n\t\t\t\t\t\t\t\t\t\t\t\t\t\t\t<\/div>\n\t\t\t\t<\/div>\n\t\t\t\t<div class=\"elementor-element elementor-element-8a7ea21 elementor-widget elementor-widget-heading\" data-id=\"8a7ea21\" data-element_type=\"widget\" data-e-type=\"widget\" data-widget_type=\"heading.default\">\n\t\t\t\t<div class=\"elementor-widget-container\">\n\t\t\t\t\t<h2 class=\"elementor-heading-title elementor-size-default\">Taller de Mantenimiento<\/h2>\t\t\t\t<\/div>\n\t\t\t\t<\/div>\n\t\t\t\t<div class=\"elementor-element elementor-element-13e8ec7 elementor-widget elementor-widget-text-editor\" data-id=\"13e8ec7\" data-element_type=\"widget\" data-e-type=\"widget\" data-widget_type=\"text-editor.default\">\n\t\t\t\t<div class=\"elementor-widget-container\">\n\t\t\t\t\t\t\t\t\t<p>Utilizando t\u00e9cnicas vivenciales nuevas, experimentamos: 1. Un profundo checking vivencial de la situaci\u00f3n actual. 2&#8230;.\t\t\t\t\t\t\t\t<\/div>\n\t\t\t\t<\/div>\n\t\t\t\t<div class=\"elementor-element elementor-element-90083c7 elementor-align-center elementor-widget elementor-widget-button\" data-id=\"90083c7\" data-element_type=\"widget\" data-e-type=\"widget\" data-widget_type=\"button.default\">\n\t\t\t\t<div class=\"elementor-widget-container\">\n\t\t\t\t\t\t\t\t\t<div class=\"elementor-button-wrapper\">\n\t\t\t\t\t<a class=\"elementor-button elementor-button-link elementor-size-sm\" href=\"https:\/\/tinoprat.com\/ca\/cursos\/taller-de-mantenimiento\/\" title=\"ir al curso\">\n\t\t\t\t\t\t<span class=\"elementor-button-content-wrapper\">\n\t\t\t\t\t\t\t\t\t<span class=\"elementor-button-text\">M\u00c1S INFO<\/span>\n\t\t\t\t\t<\/span>\n\t\t\t\t\t<\/a>\n\t\t\t\t<\/div>\n\t\t\t\t\t\t\t\t<\/div>\n\t\t\t\t<\/div>\n\t\t\t\t\t<\/div>\n\t\t\t\t<\/div>\n\t\t\t\t<\/div>\n\t\t<\/div><div class=\"jet-listing-grid__item jet-listing-dynamic-post-424\" data-post-id=\"424\"  >\t\t<div data-elementor-type=\"jet-listing-items\" data-elementor-id=\"459\" class=\"elementor elementor-459\" data-elementor-post-type=\"jet-engine\">\n\t\t\t\t<div class=\"elementor-element elementor-element-ece0425 e-flex e-con-boxed e-con e-parent\" data-id=\"ece0425\" data-element_type=\"container\" data-e-type=\"container\">\n\t\t\t\t\t<div class=\"e-con-inner\">\n\t\t\t\t<div class=\"elementor-element elementor-element-a0ae0bd elementor-widget elementor-widget-image\" data-id=\"a0ae0bd\" data-element_type=\"widget\" data-e-type=\"widget\" data-widget_type=\"image.default\">\n\t\t\t\t<div class=\"elementor-widget-container\">\n\t\t\t\t\t\t\t\t\t\t\t\t\t\t\t\t<a href=\"https:\/\/tinoprat.com\/ca\/cursos\/proceso-wang\/\" title=\"ir al curso\">\n\t\t\t\t\t\t\t<img loading=\"lazy\" decoding=\"async\" width=\"788\" height=\"788\" src=\"https:\/\/tinoprat.com\/wp-content\/uploads\/2025\/03\/Logo_Wang.png\" class=\"attachment-large size-large wp-image-426\" alt=\"instituto Wang Tino Prat\" srcset=\"https:\/\/tinoprat.com\/wp-content\/uploads\/2025\/03\/Logo_Wang.png 788w, https:\/\/tinoprat.com\/wp-content\/uploads\/2025\/03\/Logo_Wang-300x300.png 300w, https:\/\/tinoprat.com\/wp-content\/uploads\/2025\/03\/Logo_Wang-150x150.png 150w, https:\/\/tinoprat.com\/wp-content\/uploads\/2025\/03\/Logo_Wang-768x768.png 768w, https:\/\/tinoprat.com\/wp-content\/uploads\/2025\/03\/Logo_Wang-650x650.png 650w\" sizes=\"(max-width: 788px) 100vw, 788px\" \/>\t\t\t\t\t\t\t\t<\/a>\n\t\t\t\t\t\t\t\t\t\t\t\t\t\t\t<\/div>\n\t\t\t\t<\/div>\n\t\t\t\t<div class=\"elementor-element elementor-element-8a7ea21 elementor-widget elementor-widget-heading\" data-id=\"8a7ea21\" data-element_type=\"widget\" data-e-type=\"widget\" data-widget_type=\"heading.default\">\n\t\t\t\t<div class=\"elementor-widget-container\">\n\t\t\t\t\t<h2 class=\"elementor-heading-title elementor-size-default\">Proceso Wang<\/h2>\t\t\t\t<\/div>\n\t\t\t\t<\/div>\n\t\t\t\t<div class=\"elementor-element elementor-element-13e8ec7 elementor-widget elementor-widget-text-editor\" data-id=\"13e8ec7\" data-element_type=\"widget\" data-e-type=\"widget\" data-widget_type=\"text-editor.default\">\n\t\t\t\t<div class=\"elementor-widget-container\">\n\t\t\t\t\t\t\t\t\t<p>Proceso Wang \u00ab7 D\u00edas para toda la vida\u00bb Opci\u00f3n de realizarlo en dos fines de&#8230;\t\t\t\t\t\t\t\t<\/div>\n\t\t\t\t<\/div>\n\t\t\t\t<div class=\"elementor-element elementor-element-90083c7 elementor-align-center elementor-widget elementor-widget-button\" data-id=\"90083c7\" data-element_type=\"widget\" data-e-type=\"widget\" data-widget_type=\"button.default\">\n\t\t\t\t<div class=\"elementor-widget-container\">\n\t\t\t\t\t\t\t\t\t<div class=\"elementor-button-wrapper\">\n\t\t\t\t\t<a class=\"elementor-button elementor-button-link elementor-size-sm\" href=\"https:\/\/tinoprat.com\/ca\/cursos\/proceso-wang\/\" title=\"ir al curso\">\n\t\t\t\t\t\t<span class=\"elementor-button-content-wrapper\">\n\t\t\t\t\t\t\t\t\t<span class=\"elementor-button-text\">M\u00c1S INFO<\/span>\n\t\t\t\t\t<\/span>\n\t\t\t\t\t<\/a>\n\t\t\t\t<\/div>\n\t\t\t\t\t\t\t\t<\/div>\n\t\t\t\t<\/div>\n\t\t\t\t\t<\/div>\n\t\t\t\t<\/div>\n\t\t\t\t<\/div>\n\t\t<\/div><\/div><\/div>\t\t\t\t<\/div>\n\t\t\t\t<\/div>\n\t\t\t\t\t<\/div>\n\t\t\t\t<\/div>\n\t\t\t\t<\/div>\n\t\t","protected":false},"excerpt":{"rendered":"<p>Te Acompa\u00f1amos a descubrir otra manera de vivir T\u00fa\u00a0eres el \u00fanico autor de tu vida, porque todos los recursos est\u00e1n en ti.Acompa\u00f1arte a descubrir tu poder, es nuestra contribuci\u00f3n a la transformaci\u00f3n social y personal. Nuestros Cursos M\u00c1S INFO M\u00c1S INFO M\u00c1S INFO M\u00c1S INFO M\u00c1S INFO<\/p>","protected":false},"author":1,"featured_media":0,"parent":0,"menu_order":0,"comment_status":"closed","ping_status":"closed","template":"","meta":{"footnotes":""},"class_list":["post-478","page","type-page","status-publish","hentry"],"_links":{"self":[{"href":"https:\/\/tinoprat.com\/ca\/wp-json\/wp\/v2\/pages\/478","targetHints":{"allow":["GET"]}}],"collection":[{"href":"https:\/\/tinoprat.com\/ca\/wp-json\/wp\/v2\/pages"}],"about":[{"href":"https:\/\/tinoprat.com\/ca\/wp-json\/wp\/v2\/types\/page"}],"author":[{"embeddable":true,"href":"https:\/\/tinoprat.com\/ca\/wp-json\/wp\/v2\/users\/1"}],"replies":[{"embeddable":true,"href":"https:\/\/tinoprat.com\/ca\/wp-json\/wp\/v2\/comments?post=478"}],"version-history":[{"count":56,"href":"https:\/\/tinoprat.com\/ca\/wp-json\/wp\/v2\/pages\/478\/revisions"}],"predecessor-version":[{"id":987,"href":"https:\/\/tinoprat.com\/ca\/wp-json\/wp\/v2\/pages\/478\/revisions\/987"}],"wp:attachment":[{"href":"https:\/\/tinoprat.com\/ca\/wp-json\/wp\/v2\/media?parent=478"}],"curies":[{"name":"wp","href":"https:\/\/api.w.org\/{rel}","templated":true}]}}