{"id":11,"date":"2025-03-23T12:44:30","date_gmt":"2025-03-23T12:44:30","guid":{"rendered":"https:\/\/tino.batlledigital.com\/?page_id=11"},"modified":"2026-03-20T11:26:19","modified_gmt":"2026-03-20T11:26:19","slug":"inicio","status":"publish","type":"page","link":"https:\/\/tinoprat.com\/en\/","title":{"rendered":"Inicio"},"content":{"rendered":"\t\t<div data-elementor-type=\"wp-page\" data-elementor-id=\"11\" class=\"elementor elementor-11\" data-elementor-post-type=\"page\">\n\t\t\t\t<div class=\"elementor-element elementor-element-7c7d388 e-con-full e-flex e-con e-parent\" data-id=\"7c7d388\" data-element_type=\"container\" data-e-type=\"container\" data-settings=\"{&quot;background_background&quot;:&quot;slideshow&quot;,&quot;background_slideshow_gallery&quot;:[{&quot;id&quot;:241,&quot;url&quot;:&quot;https:\\\/\\\/tinoprat.com\\\/wp-content\\\/uploads\\\/2025\\\/03\\\/shutterstock_2482097781.jpg&quot;},{&quot;id&quot;:325,&quot;url&quot;:&quot;https:\\\/\\\/tinoprat.com\\\/wp-content\\\/uploads\\\/2025\\\/03\\\/shutterstock_1510276562-1.jpg&quot;}],&quot;background_slideshow_slide_duration&quot;:4000,&quot;background_slideshow_transition_duration&quot;:1000,&quot;background_slideshow_loop&quot;:&quot;yes&quot;,&quot;background_slideshow_slide_transition&quot;:&quot;fade&quot;}\">\n\t\t\t\t<\/div>\n\t\t<div class=\"elementor-element elementor-element-fa23d42 e-flex e-con-boxed e-con e-parent\" data-id=\"fa23d42\" data-element_type=\"container\" data-e-type=\"container\" data-settings=\"{&quot;background_background&quot;:&quot;classic&quot;}\">\n\t\t\t\t\t<div class=\"e-con-inner\">\n\t\t<div class=\"elementor-element elementor-element-73aaa6e e-con-full e-flex e-con e-child\" data-id=\"73aaa6e\" data-element_type=\"container\" data-e-type=\"container\">\n\t\t\t\t<div class=\"elementor-element elementor-element-72cf6d6 elementor-widget elementor-widget-image\" data-id=\"72cf6d6\" data-element_type=\"widget\" data-e-type=\"widget\" data-widget_type=\"image.default\">\n\t\t\t\t<div class=\"elementor-widget-container\">\n\t\t\t\t\t\t\t\t\t\t\t\t\t\t\t<img fetchpriority=\"high\" decoding=\"async\" width=\"788\" height=\"788\" src=\"https:\/\/tinoprat.com\/wp-content\/uploads\/2025\/03\/Logo_Wang.png\" class=\"attachment-large size-large wp-image-426\" alt=\"instituto Wang Tino Prat\" srcset=\"https:\/\/tinoprat.com\/wp-content\/uploads\/2025\/03\/Logo_Wang.png 788w, https:\/\/tinoprat.com\/wp-content\/uploads\/2025\/03\/Logo_Wang-300x300.png 300w, https:\/\/tinoprat.com\/wp-content\/uploads\/2025\/03\/Logo_Wang-150x150.png 150w, https:\/\/tinoprat.com\/wp-content\/uploads\/2025\/03\/Logo_Wang-768x768.png 768w, https:\/\/tinoprat.com\/wp-content\/uploads\/2025\/03\/Logo_Wang-650x650.png 650w\" sizes=\"(max-width: 788px) 100vw, 788px\" \/>\t\t\t\t\t\t\t\t\t\t\t\t\t\t\t<\/div>\n\t\t\t\t<\/div>\n\t\t\t\t<\/div>\n\t\t<div class=\"elementor-element elementor-element-4a947b7 e-con-full e-flex e-con e-child\" data-id=\"4a947b7\" data-element_type=\"container\" data-e-type=\"container\">\n\t\t\t\t<div class=\"elementor-element elementor-element-1b578c3 elementor-widget elementor-widget-heading\" data-id=\"1b578c3\" data-element_type=\"widget\" data-e-type=\"widget\" data-widget_type=\"heading.default\">\n\t\t\t\t<div class=\"elementor-widget-container\">\n\t\t\t\t\t<h2 class=\"elementor-heading-title elementor-size-default\">Wang<\/h2>\t\t\t\t<\/div>\n\t\t\t\t<\/div>\n\t\t\t\t<div class=\"elementor-element elementor-element-4a455a3 elementor-widget__width-initial elementor-widget elementor-widget-text-editor\" data-id=\"4a455a3\" data-element_type=\"widget\" data-e-type=\"widget\" data-widget_type=\"text-editor.default\">\n\t\t\t\t<div class=\"elementor-widget-container\">\n\t\t\t\t\t\t\t\t\t<p>Wang es un concepto japon\u00e9s que invita a \u00abtraer el cielo a la tierra\u00bb, despertando la consciencia para una profunda transformaci\u00f3n personal, organizacional y social.<\/p><p>Mediante el desarrollo de la autoconsciencia creativa y la superaci\u00f3n de bloqueos internos (\u00abpsicotrampas\u00bb), se potencian talentos \u00fanicos para vivir con prop\u00f3sito trascendente, en plenitud y felicidad. Se aspira as\u00ed al \u00abWangfulness\u00bb: un estado de mindfulness permanente y conexi\u00f3n profunda con la Esencia, cultivado a trav\u00e9s del crecimiento personal y espiritual, y sustentado en valores humanistas que promueven un modelo social consciente<\/p>\t\t\t\t\t\t\t\t<\/div>\n\t\t\t\t<\/div>\n\t\t\t\t<\/div>\n\t\t\t\t\t<\/div>\n\t\t\t\t<\/div>\n\t\t<div class=\"elementor-element elementor-element-b65a7f2 e-flex e-con-boxed e-con e-parent\" data-id=\"b65a7f2\" data-element_type=\"container\" data-e-type=\"container\" data-settings=\"{&quot;background_background&quot;:&quot;classic&quot;}\">\n\t\t\t\t\t<div class=\"e-con-inner\">\n\t\t\t\t\t<\/div>\n\t\t\t\t<\/div>\n\t\t<div class=\"elementor-element elementor-element-4f10353 e-flex e-con-boxed e-con e-parent\" data-id=\"4f10353\" data-element_type=\"container\" data-e-type=\"container\" data-settings=\"{&quot;background_background&quot;:&quot;classic&quot;}\">\n\t\t\t\t\t<div class=\"e-con-inner\">\n\t\t<div class=\"elementor-element elementor-element-8246c7f e-con-full e-flex e-con e-child\" data-id=\"8246c7f\" data-element_type=\"container\" data-e-type=\"container\" data-settings=\"{&quot;background_background&quot;:&quot;classic&quot;}\">\n\t\t\t\t<div class=\"elementor-element elementor-element-1517a5c elementor-widget elementor-widget-heading\" data-id=\"1517a5c\" data-element_type=\"widget\" data-e-type=\"widget\" data-widget_type=\"heading.default\">\n\t\t\t\t<div class=\"elementor-widget-container\">\n\t\t\t\t\t<h2 class=\"elementor-heading-title elementor-size-default\">Despertando la consciencia para una transformaci\u00f3n profunda<\/h2>\t\t\t\t<\/div>\n\t\t\t\t<\/div>\n\t\t\t\t<\/div>\n\t\t<div class=\"elementor-element elementor-element-797c42e e-con-full e-flex e-con e-child\" data-id=\"797c42e\" data-element_type=\"container\" data-e-type=\"container\" data-settings=\"{&quot;background_background&quot;:&quot;classic&quot;}\">\n\t\t\t\t<div class=\"elementor-element elementor-element-98c01bd elementor-widget__width-initial elementor-widget elementor-widget-text-editor\" data-id=\"98c01bd\" data-element_type=\"widget\" data-e-type=\"widget\" data-widget_type=\"text-editor.default\">\n\t\t\t\t<div class=\"elementor-widget-container\">\n\t\t\t\t\t\t\t\t\t<p class=\"\" data-start=\"142\" data-end=\"628\">En un mundo en constante cambio, la clave para el crecimiento personal, organizacional y social radica en el despertar de la consciencia. En Tino Prat, acompa\u00f1amos a personas y organizaciones en su evoluci\u00f3n, facilitando herramientas de autoconocimiento y transformaci\u00f3n. Nuestro prop\u00f3sito es ayudar a integrar los seis niveles de consciencia \u2014f\u00edsica, som\u00e1tico-energ\u00e9tica, emocional, intelectual, relacional-social y espiritual\u2014 para alinearnos con el sentido trascendente de la vida.<\/p><p class=\"\" data-start=\"630\" data-end=\"1009\">Creemos en la capacidad autoconsciente como motor de mejora continua, combinando ciencia e intuici\u00f3n para superar bloqueos y convertir las \u00abpsicotrampas\u00bb en soluciones profundas y significativas. A trav\u00e9s de metodolog\u00edas innovadoras, experiencias vivenciales y espacios de aprendizaje, promovemos una vida plena, consciente y alineada con el prop\u00f3sito esencial de cada persona.<\/p><p class=\"\" data-start=\"1011\" data-end=\"1384\">Nuestro enfoque integra inteligencia, emoci\u00f3n y consciencia desde la energ\u00eda de la compasi\u00f3n y el amor, fomentando el bienestar, la autenticidad y la sabidur\u00eda. Desde cursos y talleres hasta inmersiones en la naturaleza, ofrecemos un camino de transformaci\u00f3n real y duradera, ayudando a reconectar con la esencia y vivir en un estado de plenitud y mindfulness permanente.<\/p>\t\t\t\t\t\t\t\t<\/div>\n\t\t\t\t<\/div>\n\t\t\t\t<\/div>\n\t\t\t\t\t<\/div>\n\t\t\t\t<\/div>\n\t\t<div class=\"elementor-element elementor-element-730488e e-flex e-con-boxed e-con e-parent\" data-id=\"730488e\" data-element_type=\"container\" data-e-type=\"container\" data-settings=\"{&quot;background_background&quot;:&quot;classic&quot;}\">\n\t\t\t\t\t<div class=\"e-con-inner\">\n\t\t\t\t\t<\/div>\n\t\t\t\t<\/div>\n\t\t<div class=\"elementor-element elementor-element-888895e e-flex e-con-boxed e-con e-parent\" data-id=\"888895e\" data-element_type=\"container\" data-e-type=\"container\" data-settings=\"{&quot;background_background&quot;:&quot;classic&quot;}\">\n\t\t\t\t\t<div class=\"e-con-inner\">\n\t\t<div class=\"elementor-element elementor-element-fd967dc e-con-full e-flex e-con e-child\" data-id=\"fd967dc\" data-element_type=\"container\" data-e-type=\"container\" data-settings=\"{&quot;background_background&quot;:&quot;classic&quot;}\">\n\t\t\t\t<div class=\"elementor-element elementor-element-4c5bddd elementor-widget elementor-widget-image\" data-id=\"4c5bddd\" data-element_type=\"widget\" data-e-type=\"widget\" data-widget_type=\"image.default\">\n\t\t\t\t<div class=\"elementor-widget-container\">\n\t\t\t\t\t\t\t\t\t\t\t\t\t\t\t<img decoding=\"async\" width=\"400\" height=\"398\" src=\"https:\/\/tinoprat.com\/wp-content\/uploads\/2025\/08\/2021-Tino-Prat-Foto-vpe-2021.jpg\" class=\"attachment-large size-large wp-image-870\" alt=\"\" srcset=\"https:\/\/tinoprat.com\/wp-content\/uploads\/2025\/08\/2021-Tino-Prat-Foto-vpe-2021.jpg 400w, https:\/\/tinoprat.com\/wp-content\/uploads\/2025\/08\/2021-Tino-Prat-Foto-vpe-2021-300x300.jpg 300w, https:\/\/tinoprat.com\/wp-content\/uploads\/2025\/08\/2021-Tino-Prat-Foto-vpe-2021-150x150.jpg 150w\" sizes=\"(max-width: 400px) 100vw, 400px\" \/>\t\t\t\t\t\t\t\t\t\t\t\t\t\t\t<\/div>\n\t\t\t\t<\/div>\n\t\t\t\t<div class=\"elementor-element elementor-element-081d6d7 elementor-widget elementor-widget-heading\" data-id=\"081d6d7\" data-element_type=\"widget\" data-e-type=\"widget\" data-widget_type=\"heading.default\">\n\t\t\t\t<div class=\"elementor-widget-container\">\n\t\t\t\t\t<h2 class=\"elementor-heading-title elementor-size-default\">Tino Prat<\/h2>\t\t\t\t<\/div>\n\t\t\t\t<\/div>\n\t\t\t\t<div class=\"elementor-element elementor-element-0c3c1e9 elementor-widget elementor-widget-text-editor\" data-id=\"0c3c1e9\" data-element_type=\"widget\" data-e-type=\"widget\" data-widget_type=\"text-editor.default\">\n\t\t\t\t<div class=\"elementor-widget-container\">\n\t\t\t\t\t\t\t\t\t<p>Fundador Instituto Wang<\/p>\t\t\t\t\t\t\t\t<\/div>\n\t\t\t\t<\/div>\n\t\t\t\t<\/div>\n\t\t<div class=\"elementor-element elementor-element-b0dd723 e-con-full e-flex e-con e-child\" data-id=\"b0dd723\" data-element_type=\"container\" data-e-type=\"container\" data-settings=\"{&quot;background_background&quot;:&quot;classic&quot;}\">\n\t\t\t\t<div class=\"elementor-element elementor-element-b8d75f7 elementor-widget__width-initial elementor-widget elementor-widget-text-editor\" data-id=\"b8d75f7\" data-element_type=\"widget\" data-e-type=\"widget\" data-widget_type=\"text-editor.default\">\n\t\t\t\t<div class=\"elementor-widget-container\">\n\t\t\t\t\t\t\t\t\t<p>Empresario en Multinacionales desde 1977<\/p><p>Consultor empresarial, conferenciante internacional, profesor en APD, BCG y ex Colaborador en ESADE.<\/p><p>MBA ESADE. Conciliaci\u00f3n y Mediaci\u00f3n en <i>Florida Internacional University<\/i>. Negociaci\u00f3n en <i>Harvard. <\/i><\/p><p>Autor: <i>El Mapa del Conflicto<\/i>. \u201d<i>Conflict mentoring\u00ae\u201d.<\/i> Ed Profit 2014.<\/p><p>Creador del Proceso Wangfulness y cursos de transformaci\u00f3n.<\/p><p>Formado en Psicolog\u00eda Humanista, Sist\u00e9mica y Transpersonal, Neurofeedback, Control mental, Psicocibern\u00e9tica, Mindfulness, PNL, AT, Psicogenealog\u00eda, An\u00e1lisis Transgeneracional, Biodescodificaci\u00f3n, Constelaciones familiares y organizacionales, c\u00e1lculo cabal\u00edstico, Pranic Healing, Reiki, Gestalt, Simbolog\u00eda Jungiana. Licenciado por el Dr. Carballo en ASL. Sinterg\u00e9tica por el Dr. Carvajal y otras t\u00e9cnicas Hol\u00edsticas.<\/p><p>Su experiencia como empresario en situaci\u00f3n de graves crisis, rotundos \u00e9xitos multinacionales transformando empresas familiares centenarias, le dotan de una extraordinaria capacidad como consultor y mentor en transformaci\u00f3n organizacional y personal, creando modelos propios.<\/p>\t\t\t\t\t\t\t\t<\/div>\n\t\t\t\t<\/div>\n\t\t\t\t<\/div>\n\t\t\t\t\t<\/div>\n\t\t\t\t<\/div>\n\t\t<div class=\"elementor-element elementor-element-8b8d0c6 e-flex e-con-boxed e-con e-parent\" data-id=\"8b8d0c6\" data-element_type=\"container\" data-e-type=\"container\" data-settings=\"{&quot;background_background&quot;:&quot;classic&quot;}\">\n\t\t\t\t\t<div class=\"e-con-inner\">\n\t\t<div class=\"elementor-element elementor-element-d1c0767 e-con-full e-flex e-con e-child\" data-id=\"d1c0767\" data-element_type=\"container\" data-e-type=\"container\" data-settings=\"{&quot;background_background&quot;:&quot;classic&quot;}\">\n\t\t\t\t<div class=\"elementor-element elementor-element-24e3ad6 elementor-widget__width-initial elementor-widget elementor-widget-text-editor\" data-id=\"24e3ad6\" data-element_type=\"widget\" data-e-type=\"widget\" data-widget_type=\"text-editor.default\">\n\t\t\t\t<div class=\"elementor-widget-container\">\n\t\t\t\t\t\t\t\t\t<ul><li>Experiencia en diagn\u00f3stico y tratamiento de ni\u00f1os, adolescentes, adultos y familias (Consulta privada online, Instituto Wang, ARA Psicologia, EPBCN). <\/li><li>Formaci\u00f3n Psicoterapia Psicoanal\u00edtica de Pareja (SEP, 2022). <\/li><li>M\u00e1ster en Psicolog\u00eda General Sanitaria (UAB, 2021).<\/li><li>Pr\u00e1cticas Neuropsicolog\u00eda y Adicciones (H Vall d\u2019Hebron, 2021). <\/li><li>M\u00e1ster Cl\u00ednica Psicoanal\u00edtica Infantil y Adolescencia (UB, 2020).<\/li><li>Formaci\u00f3n continuada en Psicoan\u00e1lisis (EPBCN, 2016-Actual).<\/li><li>Participa en el Grupo Pr\u00e1cticas de docencia y coordinaci\u00f3n de grupos (EPBCN, 2022).<\/li><li>Seminario Aperturas del Psicoan\u00e1lisis (EPBCN, 2020-Actual).<\/li><li>Supervisi\u00f3n continuada de la pr\u00e1ctica cl\u00ednica (EPBCN, 2020-Actual).<\/li><li>Psicoan\u00e1lisis grupal (EPBCN, 2020-Actual).<\/li><li>Cursos de Introducci\u00f3n al Psicoan\u00e1lisis (hasta 3er curso) (EPBCN, 2019-2021).<\/li><li>Psicoan\u00e1lisis personal (EPBCN, 2016-Actual).<\/li><li>Formaci\u00f3n para oposiciones PIR (Academia Persever, 2018-2020).<\/li><li>Exchange Program in Psychology and Behavioral Sciences (Mercy College, NY 2018). <\/li><li>Grado en psicolog\u00eda con menci\u00f3n cl\u00ednica de adultos (UAB, 2018)<\/li><li>Ha cursado el Proceso Wang m\u00faltiples veces.<\/li><li>Enriquece el Proceso Wang realizando funciones de acompa\u00f1amiento cl\u00ednico externo pre y post curso, cuando el alumno lo necesita, siendo derivado por Tino.<\/li><li>Dotada de autoexigencia y profesionalidad. Muy intuitiva, emp\u00e1tica y altamente fiable. <\/li><\/ul>\t\t\t\t\t\t\t\t<\/div>\n\t\t\t\t<\/div>\n\t\t\t\t<\/div>\n\t\t<div class=\"elementor-element elementor-element-ee90649 e-con-full e-flex e-con e-child\" data-id=\"ee90649\" data-element_type=\"container\" data-e-type=\"container\" data-settings=\"{&quot;background_background&quot;:&quot;classic&quot;}\">\n\t\t\t\t<div class=\"elementor-element elementor-element-6c28d01 elementor-widget elementor-widget-image\" data-id=\"6c28d01\" data-element_type=\"widget\" data-e-type=\"widget\" data-widget_type=\"image.default\">\n\t\t\t\t<div class=\"elementor-widget-container\">\n\t\t\t\t\t\t\t\t\t\t\t\t\t\t\t<img decoding=\"async\" width=\"287\" height=\"285\" src=\"https:\/\/tinoprat.com\/wp-content\/uploads\/2025\/08\/Amalia-Prat-Foto-2020.png\" class=\"attachment-large size-large wp-image-796\" alt=\"\" srcset=\"https:\/\/tinoprat.com\/wp-content\/uploads\/2025\/08\/Amalia-Prat-Foto-2020.png 287w, https:\/\/tinoprat.com\/wp-content\/uploads\/2025\/08\/Amalia-Prat-Foto-2020-150x150.png 150w\" sizes=\"(max-width: 287px) 100vw, 287px\" \/>\t\t\t\t\t\t\t\t\t\t\t\t\t\t\t<\/div>\n\t\t\t\t<\/div>\n\t\t\t\t<div class=\"elementor-element elementor-element-a927d05 elementor-widget elementor-widget-heading\" data-id=\"a927d05\" data-element_type=\"widget\" data-e-type=\"widget\" data-widget_type=\"heading.default\">\n\t\t\t\t<div class=\"elementor-widget-container\">\n\t\t\t\t\t<h2 class=\"elementor-heading-title elementor-size-default\">Amalia<\/h2>\t\t\t\t<\/div>\n\t\t\t\t<\/div>\n\t\t\t\t<div class=\"elementor-element elementor-element-465d4d0 elementor-widget elementor-widget-text-editor\" data-id=\"465d4d0\" data-element_type=\"widget\" data-e-type=\"widget\" data-widget_type=\"text-editor.default\">\n\t\t\t\t<div class=\"elementor-widget-container\">\n\t\t\t\t\t\t\t\t\tColaboradora externa\n<br>Psic\u00f3loga Sanitaria Col. n\u00fam:29597\t\t\t\t\t\t\t\t<\/div>\n\t\t\t\t<\/div>\n\t\t\t\t<\/div>\n\t\t\t\t\t<\/div>\n\t\t\t\t<\/div>\n\t\t<div class=\"elementor-element elementor-element-ccc4990 e-flex e-con-boxed e-con e-parent\" data-id=\"ccc4990\" data-element_type=\"container\" data-e-type=\"container\" data-settings=\"{&quot;background_background&quot;:&quot;classic&quot;}\">\n\t\t\t\t\t<div class=\"e-con-inner\">\n\t\t<div class=\"elementor-element elementor-element-8656e85 e-con-full e-flex e-con e-child\" data-id=\"8656e85\" data-element_type=\"container\" data-e-type=\"container\" data-settings=\"{&quot;background_background&quot;:&quot;classic&quot;}\">\n\t\t\t\t<div class=\"elementor-element elementor-element-f3cce17 elementor-widget elementor-widget-image\" data-id=\"f3cce17\" data-element_type=\"widget\" data-e-type=\"widget\" data-widget_type=\"image.default\">\n\t\t\t\t<div class=\"elementor-widget-container\">\n\t\t\t\t\t\t\t\t\t\t\t\t\t\t\t<img loading=\"lazy\" decoding=\"async\" width=\"400\" height=\"400\" src=\"https:\/\/tinoprat.com\/wp-content\/uploads\/2025\/08\/2023-KIKI.jpg\" class=\"attachment-large size-large wp-image-803\" alt=\"\" srcset=\"https:\/\/tinoprat.com\/wp-content\/uploads\/2025\/08\/2023-KIKI.jpg 400w, https:\/\/tinoprat.com\/wp-content\/uploads\/2025\/08\/2023-KIKI-300x300.jpg 300w, https:\/\/tinoprat.com\/wp-content\/uploads\/2025\/08\/2023-KIKI-150x150.jpg 150w\" sizes=\"(max-width: 400px) 100vw, 400px\" \/>\t\t\t\t\t\t\t\t\t\t\t\t\t\t\t<\/div>\n\t\t\t\t<\/div>\n\t\t\t\t<div class=\"elementor-element elementor-element-48de087 elementor-widget elementor-widget-heading\" data-id=\"48de087\" data-element_type=\"widget\" data-e-type=\"widget\" data-widget_type=\"heading.default\">\n\t\t\t\t<div class=\"elementor-widget-container\">\n\t\t\t\t\t<h2 class=\"elementor-heading-title elementor-size-default\">Cristina<\/h2>\t\t\t\t<\/div>\n\t\t\t\t<\/div>\n\t\t\t\t<div class=\"elementor-element elementor-element-68e11fa elementor-widget elementor-widget-text-editor\" data-id=\"68e11fa\" data-element_type=\"widget\" data-e-type=\"widget\" data-widget_type=\"text-editor.default\">\n\t\t\t\t<div class=\"elementor-widget-container\">\n\t\t\t\t\t\t\t\t\tColaboradora externa\n<br>Consultora, Formadora y Headhunter freelance\t\t\t\t\t\t\t\t<\/div>\n\t\t\t\t<\/div>\n\t\t\t\t<\/div>\n\t\t<div class=\"elementor-element elementor-element-6308c28 e-con-full e-flex e-con e-child\" data-id=\"6308c28\" data-element_type=\"container\" data-e-type=\"container\" data-settings=\"{&quot;background_background&quot;:&quot;classic&quot;}\">\n\t\t\t\t<div class=\"elementor-element elementor-element-c48f5d9 elementor-widget__width-initial elementor-widget elementor-widget-text-editor\" data-id=\"c48f5d9\" data-element_type=\"widget\" data-e-type=\"widget\" data-widget_type=\"text-editor.default\">\n\t\t\t\t<div class=\"elementor-widget-container\">\n\t\t\t\t\t\t\t\t\t<ul><li>Licenciada en Psicolog\u00eda Organizacional por URLlul (2012) <\/li><li>M\u00e1ster en Administraci\u00f3n y Direcci\u00f3n de Empresas<\/li><li>M\u00e1ster en Coaching y Programaci\u00f3n Neuroling\u00fc\u00edstica<\/li><li>Formada en An\u00e1lisis Transaccional y Bioneuroemoci\u00f3n<\/li><li>Consultora de Capital Humano desde 2012<\/li><li>Headhunting en niveles intermedios y directivos<\/li><li>Ha colaborado en m\u00faltiples ocasiones en el Instituto Wang.<\/li><li>Background como directora de Recursos Humanos y directora de formaci\u00f3n en multinacionales gestionando el mercado del sur de Europa y la regi\u00f3n Latam.<\/li><li>Le apasiona humanizar empresas, inspirar equipos, enamorar talento, transformar discrepancia en crecimiento y despertar consciencia en el mundo empresarial.<\/li><\/ul>\t\t\t\t\t\t\t\t<\/div>\n\t\t\t\t<\/div>\n\t\t\t\t<\/div>\n\t\t\t\t\t<\/div>\n\t\t\t\t<\/div>\n\t\t<div class=\"elementor-element elementor-element-6dd002b e-flex e-con-boxed e-con e-parent\" data-id=\"6dd002b\" data-element_type=\"container\" data-e-type=\"container\" data-settings=\"{&quot;background_background&quot;:&quot;classic&quot;}\">\n\t\t\t\t\t<div class=\"e-con-inner\">\n\t\t\t\t\t<\/div>\n\t\t\t\t<\/div>\n\t\t<div class=\"elementor-element elementor-element-ef951ac e-flex e-con-boxed e-con e-parent\" data-id=\"ef951ac\" data-element_type=\"container\" data-e-type=\"container\">\n\t\t\t\t\t<div class=\"e-con-inner\">\n\t\t\t\t<div class=\"elementor-element elementor-element-65bbe8c elementor-widget elementor-widget-html\" data-id=\"65bbe8c\" data-element_type=\"widget\" data-e-type=\"widget\" data-widget_type=\"html.default\">\n\t\t\t\t<div class=\"elementor-widget-container\">\n\t\t\t\t\t<!-- Elfsight Google Reviews | Untitled Google Reviews 2 -->\n<script src=\"https:\/\/elfsightcdn.com\/platform.js\" async><\/script>\n<div class=\"elfsight-app-0a886c7e-6dd9-40ba-a944-27fd305a9537\" data-elfsight-app-lazy><\/div>\t\t\t\t<\/div>\n\t\t\t\t<\/div>\n\t\t\t\t\t<\/div>\n\t\t\t\t<\/div>\n\t\t<div class=\"elementor-element elementor-element-ed3d9da e-con-full e-flex e-con e-parent\" data-id=\"ed3d9da\" data-element_type=\"container\" data-e-type=\"container\" data-settings=\"{&quot;background_background&quot;:&quot;classic&quot;}\">\n\t\t\t\t<div class=\"elementor-element elementor-element-a155e8c elementor-widget elementor-widget-text-editor\" data-id=\"a155e8c\" data-element_type=\"widget\" data-e-type=\"widget\" data-widget_type=\"text-editor.default\">\n\t\t\t\t<div class=\"elementor-widget-container\">\n\t\t\t\t\t\t\t\t\t<p>Financiado por la Uni\u00f3n Europea \u2013 NextGenerationEU<\/p>\t\t\t\t\t\t\t\t<\/div>\n\t\t\t\t<\/div>\n\t\t\t\t<div class=\"elementor-element elementor-element-a1e05f1 elementor-widget elementor-widget-image\" data-id=\"a1e05f1\" data-element_type=\"widget\" data-e-type=\"widget\" data-widget_type=\"image.default\">\n\t\t\t\t<div class=\"elementor-widget-container\">\n\t\t\t\t\t\t\t\t\t\t\t\t\t\t\t<img loading=\"lazy\" decoding=\"async\" width=\"800\" height=\"117\" src=\"https:\/\/tinoprat.com\/wp-content\/uploads\/2025\/08\/Logos-Kit-Digtal-2048x300-1-1024x150.jpg\" class=\"attachment-large size-large wp-image-848\" alt=\"\" srcset=\"https:\/\/tinoprat.com\/wp-content\/uploads\/2025\/08\/Logos-Kit-Digtal-2048x300-1-1024x150.jpg 1024w, https:\/\/tinoprat.com\/wp-content\/uploads\/2025\/08\/Logos-Kit-Digtal-2048x300-1-300x44.jpg 300w, https:\/\/tinoprat.com\/wp-content\/uploads\/2025\/08\/Logos-Kit-Digtal-2048x300-1-768x113.jpg 768w, https:\/\/tinoprat.com\/wp-content\/uploads\/2025\/08\/Logos-Kit-Digtal-2048x300-1-1536x225.jpg 1536w, https:\/\/tinoprat.com\/wp-content\/uploads\/2025\/08\/Logos-Kit-Digtal-2048x300-1.jpg 2048w\" sizes=\"(max-width: 800px) 100vw, 800px\" \/>\t\t\t\t\t\t\t\t\t\t\t\t\t\t\t<\/div>\n\t\t\t\t<\/div>\n\t\t\t\t<\/div>\n\t\t\t\t<\/div>\n\t\t","protected":false},"excerpt":{"rendered":"<p>Wang Wang es un concepto japon\u00e9s que invita a \u00abtraer el cielo a la tierra\u00bb, despertando la consciencia para una profunda transformaci\u00f3n personal, organizacional y social. Mediante el desarrollo de la autoconsciencia creativa y la superaci\u00f3n de bloqueos internos (\u00abpsicotrampas\u00bb), se potencian talentos \u00fanicos para vivir con prop\u00f3sito trascendente, en plenitud y felicidad. Se aspira [&hellip;]<\/p>\n","protected":false},"author":1,"featured_media":0,"parent":0,"menu_order":0,"comment_status":"closed","ping_status":"closed","template":"","meta":{"footnotes":""},"class_list":["post-11","page","type-page","status-publish","hentry"],"_links":{"self":[{"href":"https:\/\/tinoprat.com\/en\/wp-json\/wp\/v2\/pages\/11","targetHints":{"allow":["GET"]}}],"collection":[{"href":"https:\/\/tinoprat.com\/en\/wp-json\/wp\/v2\/pages"}],"about":[{"href":"https:\/\/tinoprat.com\/en\/wp-json\/wp\/v2\/types\/page"}],"author":[{"embeddable":true,"href":"https:\/\/tinoprat.com\/en\/wp-json\/wp\/v2\/users\/1"}],"replies":[{"embeddable":true,"href":"https:\/\/tinoprat.com\/en\/wp-json\/wp\/v2\/comments?post=11"}],"version-history":[{"count":336,"href":"https:\/\/tinoprat.com\/en\/wp-json\/wp\/v2\/pages\/11\/revisions"}],"predecessor-version":[{"id":1071,"href":"https:\/\/tinoprat.com\/en\/wp-json\/wp\/v2\/pages\/11\/revisions\/1071"}],"wp:attachment":[{"href":"https:\/\/tinoprat.com\/en\/wp-json\/wp\/v2\/media?parent=11"}],"curies":[{"name":"wp","href":"https:\/\/api.w.org\/{rel}","templated":true}]}}